{"id":1265,"date":"2021-05-04T07:16:20","date_gmt":"2021-05-04T10:16:20","guid":{"rendered":"https:\/\/yogart.cl\/yg\/?page_id=1265"},"modified":"2022-03-12T14:32:16","modified_gmt":"2022-03-12T17:32:16","slug":"radio-de-envios","status":"publish","type":"page","link":"https:\/\/yogart.cl\/yg\/index.php\/radio-de-envios\/","title":{"rendered":"Radio de envios"},"content":{"rendered":"\t\t<div data-elementor-type=\"wp-page\" data-elementor-id=\"1265\" class=\"elementor elementor-1265\" data-elementor-post-type=\"page\">\n\t\t\t\t\t\t\t\t\t<section class=\"elementor-section elementor-top-section elementor-element elementor-element-4f5ef81 elementor-section-full_width elementor-section-height-default elementor-section-height-default\" data-id=\"4f5ef81\" data-element_type=\"section\" data-settings=\"{&quot;background_background&quot;:&quot;classic&quot;}\">\n\t\t\t\t\t\t<div class=\"elementor-container elementor-column-gap-default\">\n\t\t\t\t\t<div class=\"elementor-column elementor-col-33 elementor-top-column elementor-element elementor-element-0835d25\" data-id=\"0835d25\" data-element_type=\"column\">\n\t\t\t<div class=\"elementor-widget-wrap\">\n\t\t\t\t\t\t\t\t\t<\/div>\n\t\t<\/div>\n\t\t\t\t<div class=\"elementor-column elementor-col-33 elementor-top-column elementor-element elementor-element-73ff733\" data-id=\"73ff733\" data-element_type=\"column\">\n\t\t\t<div class=\"elementor-widget-wrap elementor-element-populated\">\n\t\t\t\t\t\t\t\t<div class=\"elementor-element elementor-element-2ed78d5 elementor-widget elementor-widget-heading\" data-id=\"2ed78d5\" data-element_type=\"widget\" data-widget_type=\"heading.default\">\n\t\t\t\t<div class=\"elementor-widget-container\">\n\t\t\t<h2 class=\"elementor-heading-title elementor-size-default\">Radio de Envios<\/h2>\t\t<\/div>\n\t\t\t\t<\/div>\n\t\t\t\t\t<\/div>\n\t\t<\/div>\n\t\t\t\t<div class=\"elementor-column elementor-col-33 elementor-top-column elementor-element elementor-element-83c24cf\" data-id=\"83c24cf\" data-element_type=\"column\">\n\t\t\t<div class=\"elementor-widget-wrap\">\n\t\t\t\t\t\t\t\t\t<\/div>\n\t\t<\/div>\n\t\t\t\t\t\t\t<\/div>\n\t\t<\/section>\n\t\t\t\t<section class=\"elementor-section elementor-top-section elementor-element elementor-element-571803f elementor-section-full_width elementor-section-height-default elementor-section-height-default\" data-id=\"571803f\" data-element_type=\"section\">\n\t\t\t\t\t\t<div class=\"elementor-container elementor-column-gap-default\">\n\t\t\t\t\t<div class=\"elementor-column elementor-col-50 elementor-top-column elementor-element elementor-element-8e0d1cc\" data-id=\"8e0d1cc\" data-element_type=\"column\">\n\t\t\t<div class=\"elementor-widget-wrap elementor-element-populated\">\n\t\t\t\t\t\t\t\t<div class=\"elementor-element elementor-element-bb750d1 elementor-widget elementor-widget-image\" data-id=\"bb750d1\" data-element_type=\"widget\" data-widget_type=\"image.default\">\n\t\t\t\t<div class=\"elementor-widget-container\">\n\t\t\t\t\t\t\t\t\t\t\t\t\t\t\t<img fetchpriority=\"high\" decoding=\"async\" width=\"768\" height=\"768\" src=\"https:\/\/yogart.cl\/yg\/wp-content\/uploads\/2022\/03\/envio-768x768.jpeg\" class=\"attachment-medium_large size-medium_large wp-image-2836\" alt=\"\" srcset=\"https:\/\/yogart.cl\/yg\/wp-content\/uploads\/2022\/03\/envio-768x768.jpeg 768w, https:\/\/yogart.cl\/yg\/wp-content\/uploads\/2022\/03\/envio-300x300.jpeg 300w, https:\/\/yogart.cl\/yg\/wp-content\/uploads\/2022\/03\/envio-1024x1024.jpeg 1024w, https:\/\/yogart.cl\/yg\/wp-content\/uploads\/2022\/03\/envio-150x150.jpeg 150w, https:\/\/yogart.cl\/yg\/wp-content\/uploads\/2022\/03\/envio-500x500.jpeg 500w, https:\/\/yogart.cl\/yg\/wp-content\/uploads\/2022\/03\/envio-100x100.jpeg 100w, https:\/\/yogart.cl\/yg\/wp-content\/uploads\/2022\/03\/envio.jpeg 1080w\" sizes=\"(max-width: 768px) 100vw, 768px\" \/>\t\t\t\t\t\t\t\t\t\t\t\t\t\t\t<\/div>\n\t\t\t\t<\/div>\n\t\t\t\t\t<\/div>\n\t\t<\/div>\n\t\t\t\t<div class=\"elementor-column elementor-col-50 elementor-top-column elementor-element elementor-element-6350480\" data-id=\"6350480\" data-element_type=\"column\">\n\t\t\t<div class=\"elementor-widget-wrap elementor-element-populated\">\n\t\t\t\t\t\t\t\t<div class=\"elementor-element elementor-element-ee710a2 elementor-widget elementor-widget-text-editor\" data-id=\"ee710a2\" data-element_type=\"widget\" data-widget_type=\"text-editor.default\">\n\t\t\t\t<div class=\"elementor-widget-container\">\n\t\t\t\t\t\t\t<p><strong>Despachos<\/strong><\/p><p>Te informamos que dada la contingencia actual, nuestra agencia Pyme de despacho en la regi\u00f3n Metropolitana est\u00e1n presentando retrasos en las entregas. Te pedimos paciencia; estamos trabajando para que tengas tu pedido en el menor tiempo posible.<\/p><p><strong>&#8220;RECUERDE QUE TODOS LOS ENV\u00cdOS SON PAGADOS POR EL COMPRADOR DEL PRODUCTO, ESTE COSTO NO LO ASUME YOGART. &#8220;<\/strong><\/p><p>Si est\u00e1s en Regi\u00f3n Metropolitana:\u00a0tu pedido llegar\u00e1 entre 2-3 d\u00edas h\u00e1biles. Consulta por valores de env\u00edos adicionales por comuna. En env\u00edo debe ser cancelado junto a la compra, as\u00ed los repartidores s\u00f3lo entregar\u00e1n su env\u00edo o dejar\u00e1n en conserjer\u00eda, si fuese el caso.<\/p><p>Si est\u00e1s en Regiones:\u00a0tu pedido llegar\u00e1 entre 6-12 d\u00edas h\u00e1biles, dependiendo de Starken, siempre f\u00edjate en el comprobante de env\u00edo, donde dice fecha PR\u00d3XIMA de entrega y puedes hacer seguimiento con el n\u00famero que est\u00e1 indicado en parte de arriba de comprobante 999.999.999<\/p><p>Puedes bajar la Aplicaci\u00f3n de Starken que puedes descargar de forma gratuita en tu tel\u00e9fono.<\/p><p>Si est\u00e1s en zonas extremas:\u00a0el tiempo de entrega puede ser superior a 10-20 d\u00edas h\u00e1biles.<\/p><ul><li>Estos tiempos pueden variar dependiendo de las fechas festivas y contingencias, y son de exclusiva responsabilidad de Starken.<\/li><li>Ser\u00e1 responsabilidad del cliente asumir el costo del env\u00edo en los casos en que se tenga que volver a enviar el producto por no encontrarse nadie al momento de la entrega del paquete o por entrega de informaci\u00f3n de registro incorrecta o el cambio de domicilio. En cualquiera de estos casos la responsabilidad deber\u00e1 ser asumida exclusivamente por el cliente.<\/li><\/ul>\t\t\t\t\t\t<\/div>\n\t\t\t\t<\/div>\n\t\t\t\t\t<\/div>\n\t\t<\/div>\n\t\t\t\t\t\t\t<\/div>\n\t\t<\/section>\n\t\t\t\t\t\t\t<\/div>\n\t\t","protected":false},"excerpt":{"rendered":"<p>Radio de Envios Despachos Te informamos que dada la contingencia actual, nuestra agencia Pyme de despacho en la regi\u00f3n Metropolitana est\u00e1n presentando retrasos en las entregas. Te pedimos paciencia; estamos trabajando para que tengas tu pedido en el menor tiempo posible. &#8220;RECUERDE QUE TODOS LOS ENV\u00cdOS SON PAGADOS POR EL COMPRADOR DEL PRODUCTO, ESTE COSTO [&hellip;]<\/p>\n","protected":false},"author":1,"featured_media":0,"parent":0,"menu_order":0,"comment_status":"closed","ping_status":"closed","template":"","meta":{"_uag_custom_page_level_css":"","site-sidebar-layout":"no-sidebar","site-content-layout":"page-builder","ast-site-content-layout":"","site-content-style":"default","site-sidebar-style":"default","ast-global-header-display":"","ast-banner-title-visibility":"","ast-main-header-display":"","ast-hfb-above-header-display":"","ast-hfb-below-header-display":"","ast-hfb-mobile-header-display":"","site-post-title":"disabled","ast-breadcrumbs-content":"","ast-featured-img":"disabled","footer-sml-layout":"","theme-transparent-header-meta":"default","adv-header-id-meta":null,"stick-header-meta":null,"header-above-stick-meta":null,"header-main-stick-meta":null,"header-below-stick-meta":null,"astra-migrate-meta-layouts":"default","ast-page-background-enabled":"default","ast-page-background-meta":{"desktop":{"background-color":"","background-image":"","background-repeat":"repeat","background-position":"center center","background-size":"auto","background-attachment":"scroll","background-type":"","background-media":"","overlay-type":"","overlay-color":"","overlay-gradient":""},"tablet":{"background-color":"","background-image":"","background-repeat":"repeat","background-position":"center center","background-size":"auto","background-attachment":"scroll","background-type":"","background-media":"","overlay-type":"","overlay-color":"","overlay-gradient":""},"mobile":{"background-color":"","background-image":"","background-repeat":"repeat","background-position":"center center","background-size":"auto","background-attachment":"scroll","background-type":"","background-media":"","overlay-type":"","overlay-color":"","overlay-gradient":""}},"ast-content-background-meta":{"desktop":{"background-color":"var(--ast-global-color-5)","background-image":"","background-repeat":"repeat","background-position":"center center","background-size":"auto","background-attachment":"scroll","background-type":"","background-media":"","overlay-type":"","overlay-color":"","overlay-gradient":""},"tablet":{"background-color":"var(--ast-global-color-5)","background-image":"","background-repeat":"repeat","background-position":"center center","background-size":"auto","background-attachment":"scroll","background-type":"","background-media":"","overlay-type":"","overlay-color":"","overlay-gradient":""},"mobile":{"background-color":"var(--ast-global-color-5)","background-image":"","background-repeat":"repeat","background-position":"center center","background-size":"auto","background-attachment":"scroll","background-type":"","background-media":"","overlay-type":"","overlay-color":"","overlay-gradient":""}},"footnotes":""},"uagb_featured_image_src":{"full":false,"thumbnail":false,"medium":false,"medium_large":false,"large":false,"1536x1536":false,"2048x2048":false,"woocommerce_thumbnail":false,"woocommerce_single":false,"woocommerce_gallery_thumbnail":false},"uagb_author_info":{"display_name":"susana.rosas","author_link":"https:\/\/yogart.cl\/yg\/index.php\/author\/susana-rosas\/"},"uagb_comment_info":0,"uagb_excerpt":"Radio de Envios Despachos Te informamos que dada la contingencia actual, nuestra agencia Pyme de despacho en la regi\u00f3n Metropolitana est\u00e1n presentando retrasos en las entregas. Te pedimos paciencia; estamos trabajando para que tengas tu pedido en el menor tiempo posible. &#8220;RECUERDE QUE TODOS LOS ENV\u00cdOS SON PAGADOS POR EL COMPRADOR DEL PRODUCTO, ESTE COSTO&hellip;","_links":{"self":[{"href":"https:\/\/yogart.cl\/yg\/index.php\/wp-json\/wp\/v2\/pages\/1265"}],"collection":[{"href":"https:\/\/yogart.cl\/yg\/index.php\/wp-json\/wp\/v2\/pages"}],"about":[{"href":"https:\/\/yogart.cl\/yg\/index.php\/wp-json\/wp\/v2\/types\/page"}],"author":[{"embeddable":true,"href":"https:\/\/yogart.cl\/yg\/index.php\/wp-json\/wp\/v2\/users\/1"}],"replies":[{"embeddable":true,"href":"https:\/\/yogart.cl\/yg\/index.php\/wp-json\/wp\/v2\/comments?post=1265"}],"version-history":[{"count":26,"href":"https:\/\/yogart.cl\/yg\/index.php\/wp-json\/wp\/v2\/pages\/1265\/revisions"}],"predecessor-version":[{"id":2839,"href":"https:\/\/yogart.cl\/yg\/index.php\/wp-json\/wp\/v2\/pages\/1265\/revisions\/2839"}],"wp:attachment":[{"href":"https:\/\/yogart.cl\/yg\/index.php\/wp-json\/wp\/v2\/media?parent=1265"}],"curies":[{"name":"wp","href":"https:\/\/api.w.org\/{rel}","templated":true}]}}