{"id":1777,"date":"2021-06-15T20:01:09","date_gmt":"2021-06-15T23:01:09","guid":{"rendered":"https:\/\/yogart.cl\/yg\/?page_id=1777"},"modified":"2021-06-15T20:11:55","modified_gmt":"2021-06-15T23:11:55","slug":"despachos","status":"publish","type":"page","link":"https:\/\/yogart.cl\/yg\/index.php\/despachos\/","title":{"rendered":"Despachos"},"content":{"rendered":"\t\t<div data-elementor-type=\"wp-page\" data-elementor-id=\"1777\" class=\"elementor elementor-1777\" data-elementor-post-type=\"page\">\n\t\t\t\t\t\t\t\t\t<section class=\"elementor-section elementor-top-section elementor-element elementor-element-62785c2 elementor-section-boxed elementor-section-height-default elementor-section-height-default\" data-id=\"62785c2\" data-element_type=\"section\">\n\t\t\t\t\t\t<div class=\"elementor-container elementor-column-gap-default\">\n\t\t\t\t\t<div class=\"elementor-column elementor-col-100 elementor-top-column elementor-element elementor-element-356957f\" data-id=\"356957f\" data-element_type=\"column\">\n\t\t\t<div class=\"elementor-widget-wrap elementor-element-populated\">\n\t\t\t\t\t\t\t\t<div class=\"elementor-element elementor-element-8614a1a elementor-widget elementor-widget-text-editor\" data-id=\"8614a1a\" data-element_type=\"widget\" data-widget_type=\"text-editor.default\">\n\t\t\t\t<div class=\"elementor-widget-container\">\n\t\t\t\t\t\t\t<div>\n<h2>Despachos<\/h2>\n<\/div>\n<div><b>Te informamos que dada la contingencia actual,&nbsp;<\/b><b>nuestra agencia Pyme de despacho en la regi\u00f3n Metropolitana&nbsp;<\/b><b>est\u00e1n presentando retrasos en las entregas. Te pedimos paciencia; estamos trabajando para que tengas tu pedido en el menor tiempo posible.<\/b><b><br><\/b><\/div>\n<div>&nbsp;<\/div>\n<div><b>Si est\u00e1s en Regi\u00f3n Metropolitana:<\/b>&nbsp;tu pedido llegar\u00e1 entre 2-5 d\u00edas h\u00e1biles. Consulta por valores de env\u00edos adicionales por comuna y recuerda adjuntar al momento de comprar ya que as\u00ed los repartidores s\u00f3lo entregar\u00e1n su env\u00edo o dejar\u00e1n en conserjer\u00eda si fuese el caso.<\/div>\n<div>&nbsp;<\/div>\n<div><b>Si est\u00e1s en Regiones:<\/b>&nbsp;tu pedido llegar\u00e1 entre 6-12 d\u00edas h\u00e1biles. dependiendo de Starken, siempre f\u00edjate en el comprobante de env\u00edo su fecha PR\u00d3XIMA de entrega y puedes hacer seguimiento con el n\u00famero<\/div>\n<div>Que sale en parte de arriba de comprobante 999.999.999<\/div>\n<div>En la Aplicaci\u00f3n de Starken que puedes descargar de forma gratuita en tu tel\u00e9fono.<\/div>\n<div>&nbsp;<\/div>\n<div><b>Si est\u00e1s en zonas extremas:<\/b>&nbsp;el tiempo de entrega puede ser superior a 10-20 d\u00edas h\u00e1biles.<\/div>\n<ul>\n<li>Estos tiempos pueden variar dependiendo de las fechas festivas y contingencias, y son de exclusiva responsabilidad de Starken.<\/li>\n<li>Ser\u00e1 responsabilidad del cliente asumir el costo del env\u00edo en los casos en que se tenga que volver a enviar el producto por no encontrarse nadie al momento de la entrega del paquete o por entrega de informaci\u00f3n de registro incorrecta o el cambio de domicilio. En cualquiera de estos casos la responsabilidad deber\u00e1 ser asumida exclusivamente por el cliente.<\/li>\n<\/ul>\n<div><strong>&#8221; En caso de da\u00f1os en tu encomienda, la responsabilidad ser\u00e1 de la empresa despachadora (ej: Starken) con el cual deber\u00e1s ingresar el reclamo correspondiente a esta; ya que Yogart hace env\u00edo de las piezas debidamente embaladas procurando el menor riesgo posible y as\u00ed estableciendo su catalogaci\u00f3n como como fr\u00e1gil en todos sus productos al despachar. &#8220;<\/strong><\/div>\t\t\t\t\t\t<\/div>\n\t\t\t\t<\/div>\n\t\t\t\t\t<\/div>\n\t\t<\/div>\n\t\t\t\t\t\t\t<\/div>\n\t\t<\/section>\n\t\t\t\t\t\t\t<\/div>\n\t\t","protected":false},"excerpt":{"rendered":"<p>Despachos Te informamos que dada la contingencia actual,&nbsp;nuestra agencia Pyme de despacho en la regi\u00f3n Metropolitana&nbsp;est\u00e1n presentando retrasos en las entregas. Te pedimos paciencia; estamos trabajando para que tengas tu pedido en el menor tiempo posible. &nbsp; Si est\u00e1s en Regi\u00f3n Metropolitana:&nbsp;tu pedido llegar\u00e1 entre 2-5 d\u00edas h\u00e1biles. Consulta por valores de env\u00edos adicionales por [&hellip;]<\/p>\n","protected":false},"author":1,"featured_media":0,"parent":0,"menu_order":0,"comment_status":"closed","ping_status":"closed","template":"","meta":{"_uag_custom_page_level_css":"","site-sidebar-layout":"no-sidebar","site-content-layout":"page-builder","ast-site-content-layout":"","site-content-style":"default","site-sidebar-style":"default","ast-global-header-display":"","ast-banner-title-visibility":"","ast-main-header-display":"","ast-hfb-above-header-display":"","ast-hfb-below-header-display":"","ast-hfb-mobile-header-display":"","site-post-title":"disabled","ast-breadcrumbs-content":"","ast-featured-img":"disabled","footer-sml-layout":"","theme-transparent-header-meta":"default","adv-header-id-meta":"","stick-header-meta":"","header-above-stick-meta":"","header-main-stick-meta":"","header-below-stick-meta":"","astra-migrate-meta-layouts":"default","ast-page-background-enabled":"default","ast-page-background-meta":{"desktop":{"background-color":"","background-image":"","background-repeat":"repeat","background-position":"center center","background-size":"auto","background-attachment":"scroll","background-type":"","background-media":"","overlay-type":"","overlay-color":"","overlay-gradient":""},"tablet":{"background-color":"","background-image":"","background-repeat":"repeat","background-position":"center center","background-size":"auto","background-attachment":"scroll","background-type":"","background-media":"","overlay-type":"","overlay-color":"","overlay-gradient":""},"mobile":{"background-color":"","background-image":"","background-repeat":"repeat","background-position":"center center","background-size":"auto","background-attachment":"scroll","background-type":"","background-media":"","overlay-type":"","overlay-color":"","overlay-gradient":""}},"ast-content-background-meta":{"desktop":{"background-color":"var(--ast-global-color-5)","background-image":"","background-repeat":"repeat","background-position":"center center","background-size":"auto","background-attachment":"scroll","background-type":"","background-media":"","overlay-type":"","overlay-color":"","overlay-gradient":""},"tablet":{"background-color":"var(--ast-global-color-5)","background-image":"","background-repeat":"repeat","background-position":"center center","background-size":"auto","background-attachment":"scroll","background-type":"","background-media":"","overlay-type":"","overlay-color":"","overlay-gradient":""},"mobile":{"background-color":"var(--ast-global-color-5)","background-image":"","background-repeat":"repeat","background-position":"center center","background-size":"auto","background-attachment":"scroll","background-type":"","background-media":"","overlay-type":"","overlay-color":"","overlay-gradient":""}},"footnotes":""},"uagb_featured_image_src":{"full":false,"thumbnail":false,"medium":false,"medium_large":false,"large":false,"1536x1536":false,"2048x2048":false,"woocommerce_thumbnail":false,"woocommerce_single":false,"woocommerce_gallery_thumbnail":false},"uagb_author_info":{"display_name":"susana.rosas","author_link":"https:\/\/yogart.cl\/yg\/index.php\/author\/susana-rosas\/"},"uagb_comment_info":0,"uagb_excerpt":"Despachos Te informamos que dada la contingencia actual,&nbsp;nuestra agencia Pyme de despacho en la regi\u00f3n Metropolitana&nbsp;est\u00e1n presentando retrasos en las entregas. Te pedimos paciencia; estamos trabajando para que tengas tu pedido en el menor tiempo posible. &nbsp; Si est\u00e1s en Regi\u00f3n Metropolitana:&nbsp;tu pedido llegar\u00e1 entre 2-5 d\u00edas h\u00e1biles. Consulta por valores de env\u00edos adicionales por&hellip;","_links":{"self":[{"href":"https:\/\/yogart.cl\/yg\/index.php\/wp-json\/wp\/v2\/pages\/1777"}],"collection":[{"href":"https:\/\/yogart.cl\/yg\/index.php\/wp-json\/wp\/v2\/pages"}],"about":[{"href":"https:\/\/yogart.cl\/yg\/index.php\/wp-json\/wp\/v2\/types\/page"}],"author":[{"embeddable":true,"href":"https:\/\/yogart.cl\/yg\/index.php\/wp-json\/wp\/v2\/users\/1"}],"replies":[{"embeddable":true,"href":"https:\/\/yogart.cl\/yg\/index.php\/wp-json\/wp\/v2\/comments?post=1777"}],"version-history":[{"count":13,"href":"https:\/\/yogart.cl\/yg\/index.php\/wp-json\/wp\/v2\/pages\/1777\/revisions"}],"predecessor-version":[{"id":1793,"href":"https:\/\/yogart.cl\/yg\/index.php\/wp-json\/wp\/v2\/pages\/1777\/revisions\/1793"}],"wp:attachment":[{"href":"https:\/\/yogart.cl\/yg\/index.php\/wp-json\/wp\/v2\/media?parent=1777"}],"curies":[{"name":"wp","href":"https:\/\/api.w.org\/{rel}","templated":true}]}}