{"id":1426,"date":"2021-05-26T21:40:36","date_gmt":"2021-05-27T00:40:36","guid":{"rendered":"https:\/\/yogart.cl\/yg\/?post_type=product&#038;p=1426"},"modified":"2024-06-07T14:36:50","modified_gmt":"2024-06-07T17:36:50","slug":"mandala-yoguini-4","status":"publish","type":"product","link":"https:\/\/yogart.cl\/yg\/index.php\/producto\/mandala-yoguini-4\/","title":{"rendered":"Yoguini Mandala"},"content":{"rendered":"","protected":false},"excerpt":{"rendered":"<div class=\"Jv7Aj mArmR pZp3x\">\n<div class=\"RR-M- h5uC0 TKzGu \" tabindex=\"0\" role=\"button\" aria-disabled=\"false\"><span style=\"font-size: 16px;\">Mandala yoguini<\/span><\/div>\n<\/div>\n<div class=\"C4VMK\">\n<p><span class=\"\" title=\"Editado\">Ideal para trabajar y potenciar cada chakra con m\u00e1s de una piedra y su energ\u00eda.<\/span><\/p>\n<p>Medida 20 cm di\u00e1metro<\/p>\n<p>Incluye set de 12 botellitas con piedras naturales.<\/p>\n<p>Cuarzo Rosa<br \/>\nAmatista<br \/>\nCitrino<br \/>\nOjo de tigre<br \/>\nPirita<br \/>\nCuarzo cristal<br \/>\nFluorita<br \/>\n\u00c1gata roja<br \/>\nLapisl\u00e1zuli<br \/>\nAventurina<br \/>\nPeridoto<br \/>\nCuarzo arco\u00edris<\/p>\n<\/div>\n","protected":false},"featured_media":1427,"template":"","meta":{"_uag_custom_page_level_css":"","site-sidebar-layout":"default","site-content-layout":"default","ast-site-content-layout":"","site-content-style":"default","site-sidebar-style":"default","ast-global-header-display":"","ast-banner-title-visibility":"","ast-main-header-display":"","ast-hfb-above-header-display":"","ast-hfb-below-header-display":"","ast-hfb-mobile-header-display":"","site-post-title":"","ast-breadcrumbs-content":"","ast-featured-img":"","footer-sml-layout":"","theme-transparent-header-meta":"default","adv-header-id-meta":"","stick-header-meta":"","header-above-stick-meta":"","header-main-stick-meta":"","header-below-stick-meta":"","astra-migrate-meta-layouts":"default","ast-page-background-enabled":"default","ast-page-background-meta":{"desktop":{"background-color":"","background-image":"","background-repeat":"repeat","background-position":"center center","background-size":"auto","background-attachment":"scroll","background-type":"","background-media":"","overlay-type":"","overlay-color":"","overlay-gradient":""},"tablet":{"background-color":"","background-image":"","background-repeat":"repeat","background-position":"center center","background-size":"auto","background-attachment":"scroll","background-type":"","background-media":"","overlay-type":"","overlay-color":"","overlay-gradient":""},"mobile":{"background-color":"","background-image":"","background-repeat":"repeat","background-position":"center center","background-size":"auto","background-attachment":"scroll","background-type":"","background-media":"","overlay-type":"","overlay-color":"","overlay-gradient":""}},"ast-content-background-meta":{"desktop":{"background-color":"var(--ast-global-color-5)","background-image":"","background-repeat":"repeat","background-position":"center center","background-size":"auto","background-attachment":"scroll","background-type":"","background-media":"","overlay-type":"","overlay-color":"","overlay-gradient":""},"tablet":{"background-color":"var(--ast-global-color-5)","background-image":"","background-repeat":"repeat","background-position":"center center","background-size":"auto","background-attachment":"scroll","background-type":"","background-media":"","overlay-type":"","overlay-color":"","overlay-gradient":""},"mobile":{"background-color":"var(--ast-global-color-5)","background-image":"","background-repeat":"repeat","background-position":"center center","background-size":"auto","background-attachment":"scroll","background-type":"","background-media":"","overlay-type":"","overlay-color":"","overlay-gradient":""}}},"product_cat":[48],"product_tag":[],"uagb_featured_image_src":{"full":["https:\/\/yogart.cl\/yg\/wp-content\/uploads\/2021\/05\/IMG_0039-scaled.jpg",1920,2560,false],"thumbnail":["https:\/\/yogart.cl\/yg\/wp-content\/uploads\/2021\/05\/IMG_0039-150x150.jpg",150,150,true],"medium":["https:\/\/yogart.cl\/yg\/wp-content\/uploads\/2021\/05\/IMG_0039-225x300.jpg",225,300,true],"medium_large":["https:\/\/yogart.cl\/yg\/wp-content\/uploads\/2021\/05\/IMG_0039-768x1024.jpg",768,1024,true],"large":["https:\/\/yogart.cl\/yg\/wp-content\/uploads\/2021\/05\/IMG_0039-768x1024.jpg",768,1024,true],"1536x1536":["https:\/\/yogart.cl\/yg\/wp-content\/uploads\/2021\/05\/IMG_0039-1152x1536.jpg",1152,1536,true],"2048x2048":["https:\/\/yogart.cl\/yg\/wp-content\/uploads\/2021\/05\/IMG_0039-1536x2048.jpg",1536,2048,true],"woocommerce_thumbnail":["https:\/\/yogart.cl\/yg\/wp-content\/uploads\/2021\/05\/IMG_0039-300x225.jpg",300,225,true],"woocommerce_single":["https:\/\/yogart.cl\/yg\/wp-content\/uploads\/2021\/05\/IMG_0039-500x667.jpg",500,667,true],"woocommerce_gallery_thumbnail":["https:\/\/yogart.cl\/yg\/wp-content\/uploads\/2021\/05\/IMG_0039-100x100.jpg",100,100,true]},"uagb_author_info":{"display_name":"Susana Rosas","author_link":"https:\/\/yogart.cl\/yg\/index.php\/author\/"},"uagb_comment_info":0,"uagb_excerpt":"Mandala yoguini Ideal para trabajar y potenciar cada chakra con m\u00e1s de una piedra y su energ\u00eda. Medida 20 cm di\u00e1metro Incluye set de 12 botellitas con piedras naturales. Cuarzo Rosa Amatista Citrino Ojo de tigre Pirita Cuarzo cristal Fluorita \u00c1gata roja Lapisl\u00e1zuli Aventurina Peridoto Cuarzo arco\u00edris","_links":{"self":[{"href":"https:\/\/yogart.cl\/yg\/index.php\/wp-json\/wp\/v2\/product\/1426"}],"collection":[{"href":"https:\/\/yogart.cl\/yg\/index.php\/wp-json\/wp\/v2\/product"}],"about":[{"href":"https:\/\/yogart.cl\/yg\/index.php\/wp-json\/wp\/v2\/types\/product"}],"version-history":[{"count":3,"href":"https:\/\/yogart.cl\/yg\/index.php\/wp-json\/wp\/v2\/product\/1426\/revisions"}],"predecessor-version":[{"id":1482,"href":"https:\/\/yogart.cl\/yg\/index.php\/wp-json\/wp\/v2\/product\/1426\/revisions\/1482"}],"wp:featuredmedia":[{"embeddable":true,"href":"https:\/\/yogart.cl\/yg\/index.php\/wp-json\/wp\/v2\/media\/1427"}],"wp:attachment":[{"href":"https:\/\/yogart.cl\/yg\/index.php\/wp-json\/wp\/v2\/media?parent=1426"}],"wp:term":[{"taxonomy":"product_cat","embeddable":true,"href":"https:\/\/yogart.cl\/yg\/index.php\/wp-json\/wp\/v2\/product_cat?post=1426"},{"taxonomy":"product_tag","embeddable":true,"href":"https:\/\/yogart.cl\/yg\/index.php\/wp-json\/wp\/v2\/product_tag?post=1426"}],"curies":[{"name":"wp","href":"https:\/\/api.w.org\/{rel}","templated":true}]}}