{"id":1487,"date":"2021-05-29T15:49:46","date_gmt":"2021-05-29T18:49:46","guid":{"rendered":"https:\/\/yogart.cl\/yg\/?post_type=product&#038;p=1487"},"modified":"2022-03-03T10:31:09","modified_gmt":"2022-03-03T13:31:09","slug":"set-de-pinceles","status":"publish","type":"product","link":"https:\/\/yogart.cl\/yg\/index.php\/producto\/set-de-pinceles\/","title":{"rendered":"Set de Pinceles"},"content":{"rendered":"","protected":false},"excerpt":{"rendered":"<p>Set de 10 pinceles acr\u00edlicos, serie 1010, en diferentes tama\u00f1os y formas. Contiene pinceles Redondos, Planos, Biselados y Almendrados, en los n\u00fameros: 000 \u2013 1 \u2013 1\u00bc &#8211; 2 \u2013 4 \u2013 5\/0 \u2013 5\/8 &#8211; 6 \u2013 8 (pincel n\u00ba2 se repite en diferente dise\u00f1o)<br \/>\nTIPOS DE PINCELES:<br \/>\n\u2022 Pincel Redondo: Los pinceles redondos se usan para rellenar, humedecer y para realizar trazos de fino a grueso (seg\u00fan apretemos el pincel sobre el soporte).<br \/>\n\u2022 Pincel Plano: Se usa habitualmente para realizar bordes, golpes de pincel y para relleno de zonas.<br \/>\n\u2022 Pincel Biselado: Son muy \u00fatiles para movimientos precisos tanto en l\u00edneas o curvas. Su forma permite trazos gruesos.<br \/>\n\u2022 Pincel Almendrado: Adecuado tanto para detalle como grandes superficies, permitiendo hacer contornos definidos.<\/p>\n<p>Puedes utilizarlos en:<\/p>\n<p>Zi\u00f1a<\/p>\n<p>yeso<\/p>\n<p>madera<\/p>\n<p>loza<\/p>\n<p>cer\u00e1mica<\/p>\n<p>tela<\/p>\n","protected":false},"featured_media":1488,"template":"","meta":{"_uag_custom_page_level_css":"","site-sidebar-layout":"default","site-content-layout":"default","ast-site-content-layout":"","site-content-style":"default","site-sidebar-style":"default","ast-global-header-display":"","ast-banner-title-visibility":"","ast-main-header-display":"","ast-hfb-above-header-display":"","ast-hfb-below-header-display":"","ast-hfb-mobile-header-display":"","site-post-title":"","ast-breadcrumbs-content":"","ast-featured-img":"","footer-sml-layout":"","theme-transparent-header-meta":"default","adv-header-id-meta":"","stick-header-meta":"","header-above-stick-meta":"","header-main-stick-meta":"","header-below-stick-meta":"","astra-migrate-meta-layouts":"default","ast-page-background-enabled":"default","ast-page-background-meta":{"desktop":{"background-color":"","background-image":"","background-repeat":"repeat","background-position":"center center","background-size":"auto","background-attachment":"scroll","background-type":"","background-media":"","overlay-type":"","overlay-color":"","overlay-gradient":""},"tablet":{"background-color":"","background-image":"","background-repeat":"repeat","background-position":"center center","background-size":"auto","background-attachment":"scroll","background-type":"","background-media":"","overlay-type":"","overlay-color":"","overlay-gradient":""},"mobile":{"background-color":"","background-image":"","background-repeat":"repeat","background-position":"center center","background-size":"auto","background-attachment":"scroll","background-type":"","background-media":"","overlay-type":"","overlay-color":"","overlay-gradient":""}},"ast-content-background-meta":{"desktop":{"background-color":"var(--ast-global-color-5)","background-image":"","background-repeat":"repeat","background-position":"center center","background-size":"auto","background-attachment":"scroll","background-type":"","background-media":"","overlay-type":"","overlay-color":"","overlay-gradient":""},"tablet":{"background-color":"var(--ast-global-color-5)","background-image":"","background-repeat":"repeat","background-position":"center center","background-size":"auto","background-attachment":"scroll","background-type":"","background-media":"","overlay-type":"","overlay-color":"","overlay-gradient":""},"mobile":{"background-color":"var(--ast-global-color-5)","background-image":"","background-repeat":"repeat","background-position":"center center","background-size":"auto","background-attachment":"scroll","background-type":"","background-media":"","overlay-type":"","overlay-color":"","overlay-gradient":""}}},"product_cat":[49],"product_tag":[],"uagb_featured_image_src":{"full":["https:\/\/yogart.cl\/yg\/wp-content\/uploads\/2021\/05\/IMG_0082-scaled.jpg",1920,2560,false],"thumbnail":["https:\/\/yogart.cl\/yg\/wp-content\/uploads\/2021\/05\/IMG_0082-150x150.jpg",150,150,true],"medium":["https:\/\/yogart.cl\/yg\/wp-content\/uploads\/2021\/05\/IMG_0082-225x300.jpg",225,300,true],"medium_large":["https:\/\/yogart.cl\/yg\/wp-content\/uploads\/2021\/05\/IMG_0082-768x1024.jpg",768,1024,true],"large":["https:\/\/yogart.cl\/yg\/wp-content\/uploads\/2021\/05\/IMG_0082-768x1024.jpg",768,1024,true],"1536x1536":["https:\/\/yogart.cl\/yg\/wp-content\/uploads\/2021\/05\/IMG_0082-1152x1536.jpg",1152,1536,true],"2048x2048":["https:\/\/yogart.cl\/yg\/wp-content\/uploads\/2021\/05\/IMG_0082-1536x2048.jpg",1536,2048,true],"woocommerce_thumbnail":["https:\/\/yogart.cl\/yg\/wp-content\/uploads\/2021\/05\/IMG_0082-300x225.jpg",300,225,true],"woocommerce_single":["https:\/\/yogart.cl\/yg\/wp-content\/uploads\/2021\/05\/IMG_0082-500x667.jpg",500,667,true],"woocommerce_gallery_thumbnail":["https:\/\/yogart.cl\/yg\/wp-content\/uploads\/2021\/05\/IMG_0082-100x100.jpg",100,100,true]},"uagb_author_info":{"display_name":"Susana Rosas","author_link":"https:\/\/yogart.cl\/yg\/index.php\/author\/"},"uagb_comment_info":0,"uagb_excerpt":"Set de 10 pinceles acr\u00edlicos, serie 1010, en diferentes tama\u00f1os y formas. Contiene pinceles Redondos, Planos, Biselados y Almendrados, en los n\u00fameros: 000 \u2013 1 \u2013 1\u00bc - 2 \u2013 4 \u2013 5\/0 \u2013 5\/8 - 6 \u2013 8 (pincel n\u00ba2 se repite en diferente dise\u00f1o) TIPOS DE PINCELES: \u2022 Pincel Redondo: Los pinceles redondos&hellip;","_links":{"self":[{"href":"https:\/\/yogart.cl\/yg\/index.php\/wp-json\/wp\/v2\/product\/1487"}],"collection":[{"href":"https:\/\/yogart.cl\/yg\/index.php\/wp-json\/wp\/v2\/product"}],"about":[{"href":"https:\/\/yogart.cl\/yg\/index.php\/wp-json\/wp\/v2\/types\/product"}],"version-history":[{"count":1,"href":"https:\/\/yogart.cl\/yg\/index.php\/wp-json\/wp\/v2\/product\/1487\/revisions"}],"predecessor-version":[{"id":1489,"href":"https:\/\/yogart.cl\/yg\/index.php\/wp-json\/wp\/v2\/product\/1487\/revisions\/1489"}],"wp:featuredmedia":[{"embeddable":true,"href":"https:\/\/yogart.cl\/yg\/index.php\/wp-json\/wp\/v2\/media\/1488"}],"wp:attachment":[{"href":"https:\/\/yogart.cl\/yg\/index.php\/wp-json\/wp\/v2\/media?parent=1487"}],"wp:term":[{"taxonomy":"product_cat","embeddable":true,"href":"https:\/\/yogart.cl\/yg\/index.php\/wp-json\/wp\/v2\/product_cat?post=1487"},{"taxonomy":"product_tag","embeddable":true,"href":"https:\/\/yogart.cl\/yg\/index.php\/wp-json\/wp\/v2\/product_tag?post=1487"}],"curies":[{"name":"wp","href":"https:\/\/api.w.org\/{rel}","templated":true}]}}