{"id":1553,"date":"2021-05-31T23:36:13","date_gmt":"2021-06-01T02:36:13","guid":{"rendered":"https:\/\/yogart.cl\/yg\/?post_type=product&#038;p=1553"},"modified":"2022-12-07T14:59:12","modified_gmt":"2022-12-07T17:59:12","slug":"piedra-de-cuarzo-rosa","status":"publish","type":"product","link":"https:\/\/yogart.cl\/yg\/index.php\/producto\/piedra-de-cuarzo-rosa\/","title":{"rendered":"Piedra de Cuarzo Rosa"},"content":{"rendered":"","protected":false},"excerpt":{"rendered":"<p>El\u00a0<b>cuarzo rosa<\/b>\u00a0es la\u00a0<b>piedra<\/b>\u00a0del amor incondicional y la paz infinita. Es el mineral m\u00e1s importante para el chacra coraz\u00f3n, ya que ense\u00f1a la verdadera esencia de amor. Funciona extrayendo suavemente las energ\u00edas negativas reemplaz\u00e1ndolas por vibraciones amorosas.<\/p>\n","protected":false},"featured_media":1554,"template":"","meta":{"_uag_custom_page_level_css":"","site-sidebar-layout":"default","site-content-layout":"default","ast-site-content-layout":"","site-content-style":"default","site-sidebar-style":"default","ast-global-header-display":"","ast-banner-title-visibility":"","ast-main-header-display":"","ast-hfb-above-header-display":"","ast-hfb-below-header-display":"","ast-hfb-mobile-header-display":"","site-post-title":"","ast-breadcrumbs-content":null,"ast-featured-img":"","footer-sml-layout":"","theme-transparent-header-meta":"default","adv-header-id-meta":null,"stick-header-meta":null,"header-above-stick-meta":null,"header-main-stick-meta":null,"header-below-stick-meta":null,"astra-migrate-meta-layouts":"default","ast-page-background-enabled":"default","ast-page-background-meta":{"desktop":{"background-color":"","background-image":"","background-repeat":"repeat","background-position":"center center","background-size":"auto","background-attachment":"scroll","background-type":"","background-media":"","overlay-type":"","overlay-color":"","overlay-gradient":""},"tablet":{"background-color":"","background-image":"","background-repeat":"repeat","background-position":"center center","background-size":"auto","background-attachment":"scroll","background-type":"","background-media":"","overlay-type":"","overlay-color":"","overlay-gradient":""},"mobile":{"background-color":"","background-image":"","background-repeat":"repeat","background-position":"center center","background-size":"auto","background-attachment":"scroll","background-type":"","background-media":"","overlay-type":"","overlay-color":"","overlay-gradient":""}},"ast-content-background-meta":{"desktop":{"background-color":"var(--ast-global-color-5)","background-image":"","background-repeat":"repeat","background-position":"center center","background-size":"auto","background-attachment":"scroll","background-type":"","background-media":"","overlay-type":"","overlay-color":"","overlay-gradient":""},"tablet":{"background-color":"var(--ast-global-color-5)","background-image":"","background-repeat":"repeat","background-position":"center center","background-size":"auto","background-attachment":"scroll","background-type":"","background-media":"","overlay-type":"","overlay-color":"","overlay-gradient":""},"mobile":{"background-color":"var(--ast-global-color-5)","background-image":"","background-repeat":"repeat","background-position":"center center","background-size":"auto","background-attachment":"scroll","background-type":"","background-media":"","overlay-type":"","overlay-color":"","overlay-gradient":""}}},"product_cat":[51,48],"product_tag":[],"uagb_featured_image_src":{"full":["https:\/\/yogart.cl\/yg\/wp-content\/uploads\/2021\/05\/IMG-0146-scaled.jpg",1920,2560,false],"thumbnail":["https:\/\/yogart.cl\/yg\/wp-content\/uploads\/2021\/05\/IMG-0146-150x150.jpg",150,150,true],"medium":["https:\/\/yogart.cl\/yg\/wp-content\/uploads\/2021\/05\/IMG-0146-225x300.jpg",225,300,true],"medium_large":["https:\/\/yogart.cl\/yg\/wp-content\/uploads\/2021\/05\/IMG-0146-768x1024.jpg",768,1024,true],"large":["https:\/\/yogart.cl\/yg\/wp-content\/uploads\/2021\/05\/IMG-0146-768x1024.jpg",768,1024,true],"1536x1536":["https:\/\/yogart.cl\/yg\/wp-content\/uploads\/2021\/05\/IMG-0146-1152x1536.jpg",1152,1536,true],"2048x2048":["https:\/\/yogart.cl\/yg\/wp-content\/uploads\/2021\/05\/IMG-0146-1536x2048.jpg",1536,2048,true],"woocommerce_thumbnail":["https:\/\/yogart.cl\/yg\/wp-content\/uploads\/2021\/05\/IMG-0146-300x225.jpg",300,225,true],"woocommerce_single":["https:\/\/yogart.cl\/yg\/wp-content\/uploads\/2021\/05\/IMG-0146-500x667.jpg",500,667,true],"woocommerce_gallery_thumbnail":["https:\/\/yogart.cl\/yg\/wp-content\/uploads\/2021\/05\/IMG-0146-100x100.jpg",100,100,true]},"uagb_author_info":{"display_name":"Susana Rosas","author_link":"https:\/\/yogart.cl\/yg\/index.php\/author\/"},"uagb_comment_info":0,"uagb_excerpt":"El\u00a0cuarzo rosa\u00a0es la\u00a0piedra\u00a0del amor incondicional y la paz infinita. Es el mineral m\u00e1s importante para el chacra coraz\u00f3n, ya que ense\u00f1a la verdadera esencia de amor. Funciona extrayendo suavemente las energ\u00edas negativas reemplaz\u00e1ndolas por vibraciones amorosas.","_links":{"self":[{"href":"https:\/\/yogart.cl\/yg\/index.php\/wp-json\/wp\/v2\/product\/1553"}],"collection":[{"href":"https:\/\/yogart.cl\/yg\/index.php\/wp-json\/wp\/v2\/product"}],"about":[{"href":"https:\/\/yogart.cl\/yg\/index.php\/wp-json\/wp\/v2\/types\/product"}],"version-history":[{"count":1,"href":"https:\/\/yogart.cl\/yg\/index.php\/wp-json\/wp\/v2\/product\/1553\/revisions"}],"predecessor-version":[{"id":1555,"href":"https:\/\/yogart.cl\/yg\/index.php\/wp-json\/wp\/v2\/product\/1553\/revisions\/1555"}],"wp:featuredmedia":[{"embeddable":true,"href":"https:\/\/yogart.cl\/yg\/index.php\/wp-json\/wp\/v2\/media\/1554"}],"wp:attachment":[{"href":"https:\/\/yogart.cl\/yg\/index.php\/wp-json\/wp\/v2\/media?parent=1553"}],"wp:term":[{"taxonomy":"product_cat","embeddable":true,"href":"https:\/\/yogart.cl\/yg\/index.php\/wp-json\/wp\/v2\/product_cat?post=1553"},{"taxonomy":"product_tag","embeddable":true,"href":"https:\/\/yogart.cl\/yg\/index.php\/wp-json\/wp\/v2\/product_tag?post=1553"}],"curies":[{"name":"wp","href":"https:\/\/api.w.org\/{rel}","templated":true}]}}