{"id":2392,"date":"2021-12-07T22:08:31","date_gmt":"2021-12-08T01:08:31","guid":{"rendered":"https:\/\/yogart.cl\/yg\/?post_type=product&#038;p=2392"},"modified":"2025-03-16T22:15:54","modified_gmt":"2025-03-17T01:15:54","slug":"esfera-cuarzo-rosa","status":"publish","type":"product","link":"https:\/\/yogart.cl\/yg\/index.php\/producto\/esfera-cuarzo-rosa\/","title":{"rendered":"Esfera Amatista"},"content":{"rendered":"","protected":false},"excerpt":{"rendered":"<p>Su forma esf\u00e9rica permite irradiar su energ\u00eda en todas las direcciones posibles, nos ayuda con la meditaci\u00f3n.<\/p>\n<p>incluye base de madera para la piedra.<\/p>\n","protected":false},"featured_media":1575,"template":"","meta":{"_uag_custom_page_level_css":"","site-sidebar-layout":"default","site-content-layout":"default","ast-site-content-layout":"","site-content-style":"default","site-sidebar-style":"default","ast-global-header-display":"","ast-banner-title-visibility":"","ast-main-header-display":"","ast-hfb-above-header-display":"","ast-hfb-below-header-display":"","ast-hfb-mobile-header-display":"","site-post-title":"","ast-breadcrumbs-content":"","ast-featured-img":"","footer-sml-layout":"","theme-transparent-header-meta":"default","adv-header-id-meta":"","stick-header-meta":"","header-above-stick-meta":"","header-main-stick-meta":"","header-below-stick-meta":"","astra-migrate-meta-layouts":"default","ast-page-background-enabled":"default","ast-page-background-meta":{"desktop":{"background-color":"","background-image":"","background-repeat":"repeat","background-position":"center center","background-size":"auto","background-attachment":"scroll","background-type":"","background-media":"","overlay-type":"","overlay-color":"","overlay-gradient":""},"tablet":{"background-color":"","background-image":"","background-repeat":"repeat","background-position":"center center","background-size":"auto","background-attachment":"scroll","background-type":"","background-media":"","overlay-type":"","overlay-color":"","overlay-gradient":""},"mobile":{"background-color":"","background-image":"","background-repeat":"repeat","background-position":"center center","background-size":"auto","background-attachment":"scroll","background-type":"","background-media":"","overlay-type":"","overlay-color":"","overlay-gradient":""}},"ast-content-background-meta":{"desktop":{"background-color":"var(--ast-global-color-5)","background-image":"","background-repeat":"repeat","background-position":"center center","background-size":"auto","background-attachment":"scroll","background-type":"","background-media":"","overlay-type":"","overlay-color":"","overlay-gradient":""},"tablet":{"background-color":"var(--ast-global-color-5)","background-image":"","background-repeat":"repeat","background-position":"center center","background-size":"auto","background-attachment":"scroll","background-type":"","background-media":"","overlay-type":"","overlay-color":"","overlay-gradient":""},"mobile":{"background-color":"var(--ast-global-color-5)","background-image":"","background-repeat":"repeat","background-position":"center center","background-size":"auto","background-attachment":"scroll","background-type":"","background-media":"","overlay-type":"","overlay-color":"","overlay-gradient":""}}},"product_cat":[51,48],"product_tag":[],"uagb_featured_image_src":{"full":["https:\/\/yogart.cl\/yg\/wp-content\/uploads\/2021\/05\/IMG-0136-scaled.jpg",1920,2560,false],"thumbnail":["https:\/\/yogart.cl\/yg\/wp-content\/uploads\/2021\/05\/IMG-0136-150x150.jpg",150,150,true],"medium":["https:\/\/yogart.cl\/yg\/wp-content\/uploads\/2021\/05\/IMG-0136-225x300.jpg",225,300,true],"medium_large":["https:\/\/yogart.cl\/yg\/wp-content\/uploads\/2021\/05\/IMG-0136-768x1024.jpg",768,1024,true],"large":["https:\/\/yogart.cl\/yg\/wp-content\/uploads\/2021\/05\/IMG-0136-768x1024.jpg",768,1024,true],"1536x1536":["https:\/\/yogart.cl\/yg\/wp-content\/uploads\/2021\/05\/IMG-0136-1152x1536.jpg",1152,1536,true],"2048x2048":["https:\/\/yogart.cl\/yg\/wp-content\/uploads\/2021\/05\/IMG-0136-1536x2048.jpg",1536,2048,true],"woocommerce_thumbnail":["https:\/\/yogart.cl\/yg\/wp-content\/uploads\/2021\/05\/IMG-0136-300x225.jpg",300,225,true],"woocommerce_single":["https:\/\/yogart.cl\/yg\/wp-content\/uploads\/2021\/05\/IMG-0136-500x667.jpg",500,667,true],"woocommerce_gallery_thumbnail":["https:\/\/yogart.cl\/yg\/wp-content\/uploads\/2021\/05\/IMG-0136-100x100.jpg",100,100,true]},"uagb_author_info":{"display_name":"Susana Rosas","author_link":"https:\/\/yogart.cl\/yg\/index.php\/author\/"},"uagb_comment_info":0,"uagb_excerpt":"Su forma esf\u00e9rica permite irradiar su energ\u00eda en todas las direcciones posibles, nos ayuda con la meditaci\u00f3n. incluye base de madera para la piedra.","_links":{"self":[{"href":"https:\/\/yogart.cl\/yg\/index.php\/wp-json\/wp\/v2\/product\/2392"}],"collection":[{"href":"https:\/\/yogart.cl\/yg\/index.php\/wp-json\/wp\/v2\/product"}],"about":[{"href":"https:\/\/yogart.cl\/yg\/index.php\/wp-json\/wp\/v2\/types\/product"}],"version-history":[{"count":3,"href":"https:\/\/yogart.cl\/yg\/index.php\/wp-json\/wp\/v2\/product\/2392\/revisions"}],"predecessor-version":[{"id":3059,"href":"https:\/\/yogart.cl\/yg\/index.php\/wp-json\/wp\/v2\/product\/2392\/revisions\/3059"}],"wp:featuredmedia":[{"embeddable":true,"href":"https:\/\/yogart.cl\/yg\/index.php\/wp-json\/wp\/v2\/media\/1575"}],"wp:attachment":[{"href":"https:\/\/yogart.cl\/yg\/index.php\/wp-json\/wp\/v2\/media?parent=2392"}],"wp:term":[{"taxonomy":"product_cat","embeddable":true,"href":"https:\/\/yogart.cl\/yg\/index.php\/wp-json\/wp\/v2\/product_cat?post=2392"},{"taxonomy":"product_tag","embeddable":true,"href":"https:\/\/yogart.cl\/yg\/index.php\/wp-json\/wp\/v2\/product_tag?post=2392"}],"curies":[{"name":"wp","href":"https:\/\/api.w.org\/{rel}","templated":true}]}}