{"id":2613,"date":"2022-01-27T14:40:20","date_gmt":"2022-01-27T17:40:20","guid":{"rendered":"https:\/\/yogart.cl\/yg\/?post_type=product&#038;p=2613"},"modified":"2022-02-09T13:57:22","modified_gmt":"2022-02-09T16:57:22","slug":"japamala-de-agata-parda","status":"publish","type":"product","link":"https:\/\/yogart.cl\/yg\/index.php\/producto\/japamala-de-agata-parda\/","title":{"rendered":"Japamala de \u00c1gata Parda"},"content":{"rendered":"","protected":false},"excerpt":{"rendered":"<p>Japamalas<br \/>\nQue son?<br \/>\nEs un instrumento de meditaci\u00f3n, que nos ayuda bajar niveles de estr\u00e9s, calmar nuestros pensamientos, estados depresivos, tambi\u00e9n son hechos especialmente para recitar Mantras que son oraciones sagradas que nos ayudan a la sanaci\u00f3n, agradecer y recibir nueva energ\u00eda.<\/p>\n<p>El uso de las \u00e1gatas pardas ayuda a tu cuerpo y mente. <span style=\"font-size: 16px;\">Aporta seguridad, fuerza y calma. Potencia la vitalidad en todos los niveles y energiza el cuerpo. Estimula el chakra base y la energ\u00eda sexual. Conocida como\u00a0<\/span>\u00e1gata de fuego tambi\u00e9n se considera una piedra apropiada para la meditaci\u00f3n y la introspecci\u00f3n.<\/p>\n<div class=\"g\">\n<div data-hveid=\"CBEQAA\" data-ved=\"2ahUKEwjTnYrWvNL1AhU5H7kGHT8EBG4QFSgAegQIERAA\">\n<div class=\"tF2Cxc\"><\/div>\n<\/div>\n<\/div>\n<p>Te invito a conocerlos tenemos desde 45 \/ 54 \/ 108 tambi\u00e9n hilamos t\u00e1ntricos solo a pedido.<\/p>\n","protected":false},"featured_media":2614,"template":"","meta":{"_uag_custom_page_level_css":"","site-sidebar-layout":"default","site-content-layout":"default","ast-site-content-layout":"","site-content-style":"default","site-sidebar-style":"default","ast-global-header-display":"","ast-banner-title-visibility":"","ast-main-header-display":"","ast-hfb-above-header-display":"","ast-hfb-below-header-display":"","ast-hfb-mobile-header-display":"","site-post-title":"","ast-breadcrumbs-content":null,"ast-featured-img":"","footer-sml-layout":"","theme-transparent-header-meta":"default","adv-header-id-meta":null,"stick-header-meta":null,"header-above-stick-meta":null,"header-main-stick-meta":null,"header-below-stick-meta":null,"astra-migrate-meta-layouts":"default","ast-page-background-enabled":"default","ast-page-background-meta":{"desktop":{"background-color":"","background-image":"","background-repeat":"repeat","background-position":"center center","background-size":"auto","background-attachment":"scroll","background-type":"","background-media":"","overlay-type":"","overlay-color":"","overlay-gradient":""},"tablet":{"background-color":"","background-image":"","background-repeat":"repeat","background-position":"center center","background-size":"auto","background-attachment":"scroll","background-type":"","background-media":"","overlay-type":"","overlay-color":"","overlay-gradient":""},"mobile":{"background-color":"","background-image":"","background-repeat":"repeat","background-position":"center center","background-size":"auto","background-attachment":"scroll","background-type":"","background-media":"","overlay-type":"","overlay-color":"","overlay-gradient":""}},"ast-content-background-meta":{"desktop":{"background-color":"var(--ast-global-color-5)","background-image":"","background-repeat":"repeat","background-position":"center center","background-size":"auto","background-attachment":"scroll","background-type":"","background-media":"","overlay-type":"","overlay-color":"","overlay-gradient":""},"tablet":{"background-color":"var(--ast-global-color-5)","background-image":"","background-repeat":"repeat","background-position":"center center","background-size":"auto","background-attachment":"scroll","background-type":"","background-media":"","overlay-type":"","overlay-color":"","overlay-gradient":""},"mobile":{"background-color":"var(--ast-global-color-5)","background-image":"","background-repeat":"repeat","background-position":"center center","background-size":"auto","background-attachment":"scroll","background-type":"","background-media":"","overlay-type":"","overlay-color":"","overlay-gradient":""}}},"product_cat":[16],"product_tag":[],"uagb_featured_image_src":{"full":["https:\/\/yogart.cl\/yg\/wp-content\/uploads\/2022\/01\/E498A516-CEC7-4AB3-97FC-24070F59CD6F.jpg",1440,1683,false],"thumbnail":["https:\/\/yogart.cl\/yg\/wp-content\/uploads\/2022\/01\/E498A516-CEC7-4AB3-97FC-24070F59CD6F-150x150.jpg",150,150,true],"medium":["https:\/\/yogart.cl\/yg\/wp-content\/uploads\/2022\/01\/E498A516-CEC7-4AB3-97FC-24070F59CD6F-257x300.jpg",257,300,true],"medium_large":["https:\/\/yogart.cl\/yg\/wp-content\/uploads\/2022\/01\/E498A516-CEC7-4AB3-97FC-24070F59CD6F-768x898.jpg",768,898,true],"large":["https:\/\/yogart.cl\/yg\/wp-content\/uploads\/2022\/01\/E498A516-CEC7-4AB3-97FC-24070F59CD6F-876x1024.jpg",876,1024,true],"1536x1536":["https:\/\/yogart.cl\/yg\/wp-content\/uploads\/2022\/01\/E498A516-CEC7-4AB3-97FC-24070F59CD6F-1314x1536.jpg",1314,1536,true],"2048x2048":["https:\/\/yogart.cl\/yg\/wp-content\/uploads\/2022\/01\/E498A516-CEC7-4AB3-97FC-24070F59CD6F.jpg",1440,1683,false],"woocommerce_thumbnail":["https:\/\/yogart.cl\/yg\/wp-content\/uploads\/2022\/01\/E498A516-CEC7-4AB3-97FC-24070F59CD6F-300x225.jpg",300,225,true],"woocommerce_single":["https:\/\/yogart.cl\/yg\/wp-content\/uploads\/2022\/01\/E498A516-CEC7-4AB3-97FC-24070F59CD6F-500x584.jpg",500,584,true],"woocommerce_gallery_thumbnail":["https:\/\/yogart.cl\/yg\/wp-content\/uploads\/2022\/01\/E498A516-CEC7-4AB3-97FC-24070F59CD6F-100x100.jpg",100,100,true]},"uagb_author_info":{"display_name":"Susana Rosas","author_link":"https:\/\/yogart.cl\/yg\/index.php\/author\/"},"uagb_comment_info":0,"uagb_excerpt":"Japamalas Que son? Es un instrumento de meditaci\u00f3n, que nos ayuda bajar niveles de estr\u00e9s, calmar nuestros pensamientos, estados depresivos, tambi\u00e9n son hechos especialmente para recitar Mantras que son oraciones sagradas que nos ayudan a la sanaci\u00f3n, agradecer y recibir nueva energ\u00eda. El uso de las \u00e1gatas pardas ayuda a tu cuerpo y mente. Aporta&hellip;","_links":{"self":[{"href":"https:\/\/yogart.cl\/yg\/index.php\/wp-json\/wp\/v2\/product\/2613"}],"collection":[{"href":"https:\/\/yogart.cl\/yg\/index.php\/wp-json\/wp\/v2\/product"}],"about":[{"href":"https:\/\/yogart.cl\/yg\/index.php\/wp-json\/wp\/v2\/types\/product"}],"version-history":[{"count":1,"href":"https:\/\/yogart.cl\/yg\/index.php\/wp-json\/wp\/v2\/product\/2613\/revisions"}],"predecessor-version":[{"id":2615,"href":"https:\/\/yogart.cl\/yg\/index.php\/wp-json\/wp\/v2\/product\/2613\/revisions\/2615"}],"wp:featuredmedia":[{"embeddable":true,"href":"https:\/\/yogart.cl\/yg\/index.php\/wp-json\/wp\/v2\/media\/2614"}],"wp:attachment":[{"href":"https:\/\/yogart.cl\/yg\/index.php\/wp-json\/wp\/v2\/media?parent=2613"}],"wp:term":[{"taxonomy":"product_cat","embeddable":true,"href":"https:\/\/yogart.cl\/yg\/index.php\/wp-json\/wp\/v2\/product_cat?post=2613"},{"taxonomy":"product_tag","embeddable":true,"href":"https:\/\/yogart.cl\/yg\/index.php\/wp-json\/wp\/v2\/product_tag?post=2613"}],"curies":[{"name":"wp","href":"https:\/\/api.w.org\/{rel}","templated":true}]}}