{"id":279,"date":"2021-04-16T23:59:36","date_gmt":"2021-04-17T02:59:36","guid":{"rendered":"https:\/\/yogart.cl\/yg\/?post_type=product&#038;p=279"},"modified":"2021-04-16T23:59:36","modified_gmt":"2021-04-17T02:59:36","slug":"palo-santo","status":"publish","type":"product","link":"https:\/\/yogart.cl\/yg\/index.php\/producto\/palo-santo\/","title":{"rendered":"Palo Santo"},"content":{"rendered":"","protected":false},"excerpt":{"rendered":"<p>Madera arom\u00e1tica usada especialmente para eliminar malas vibras, cambiar energ\u00edas del hogar, ayudar a calmar episodios de estr\u00e9s y ansiedad.<\/p>\n","protected":false},"featured_media":280,"template":"","meta":{"_uag_custom_page_level_css":"","site-sidebar-layout":"default","site-content-layout":"default","ast-site-content-layout":"","site-content-style":"default","site-sidebar-style":"default","ast-global-header-display":"","ast-banner-title-visibility":"","ast-main-header-display":"","ast-hfb-above-header-display":"","ast-hfb-below-header-display":"","ast-hfb-mobile-header-display":"","site-post-title":"","ast-breadcrumbs-content":"","ast-featured-img":"","footer-sml-layout":"","theme-transparent-header-meta":"default","adv-header-id-meta":"","stick-header-meta":"","header-above-stick-meta":"","header-main-stick-meta":"","header-below-stick-meta":"","astra-migrate-meta-layouts":"default","ast-page-background-enabled":"default","ast-page-background-meta":{"desktop":{"background-color":"","background-image":"","background-repeat":"repeat","background-position":"center center","background-size":"auto","background-attachment":"scroll","background-type":"","background-media":"","overlay-type":"","overlay-color":"","overlay-gradient":""},"tablet":{"background-color":"","background-image":"","background-repeat":"repeat","background-position":"center center","background-size":"auto","background-attachment":"scroll","background-type":"","background-media":"","overlay-type":"","overlay-color":"","overlay-gradient":""},"mobile":{"background-color":"","background-image":"","background-repeat":"repeat","background-position":"center center","background-size":"auto","background-attachment":"scroll","background-type":"","background-media":"","overlay-type":"","overlay-color":"","overlay-gradient":""}},"ast-content-background-meta":{"desktop":{"background-color":"var(--ast-global-color-5)","background-image":"","background-repeat":"repeat","background-position":"center center","background-size":"auto","background-attachment":"scroll","background-type":"","background-media":"","overlay-type":"","overlay-color":"","overlay-gradient":""},"tablet":{"background-color":"var(--ast-global-color-5)","background-image":"","background-repeat":"repeat","background-position":"center center","background-size":"auto","background-attachment":"scroll","background-type":"","background-media":"","overlay-type":"","overlay-color":"","overlay-gradient":""},"mobile":{"background-color":"var(--ast-global-color-5)","background-image":"","background-repeat":"repeat","background-position":"center center","background-size":"auto","background-attachment":"scroll","background-type":"","background-media":"","overlay-type":"","overlay-color":"","overlay-gradient":""}}},"product_cat":[24],"product_tag":[],"uagb_featured_image_src":{"full":["https:\/\/yogart.cl\/yg\/wp-content\/uploads\/2021\/04\/IMG_E3821-scaled.jpg",1920,2560,false],"thumbnail":["https:\/\/yogart.cl\/yg\/wp-content\/uploads\/2021\/04\/IMG_E3821-150x150.jpg",150,150,true],"medium":["https:\/\/yogart.cl\/yg\/wp-content\/uploads\/2021\/04\/IMG_E3821-225x300.jpg",225,300,true],"medium_large":["https:\/\/yogart.cl\/yg\/wp-content\/uploads\/2021\/04\/IMG_E3821-768x1024.jpg",768,1024,true],"large":["https:\/\/yogart.cl\/yg\/wp-content\/uploads\/2021\/04\/IMG_E3821-768x1024.jpg",768,1024,true],"1536x1536":["https:\/\/yogart.cl\/yg\/wp-content\/uploads\/2021\/04\/IMG_E3821-1152x1536.jpg",1152,1536,true],"2048x2048":["https:\/\/yogart.cl\/yg\/wp-content\/uploads\/2021\/04\/IMG_E3821-1536x2048.jpg",1536,2048,true],"woocommerce_thumbnail":["https:\/\/yogart.cl\/yg\/wp-content\/uploads\/2021\/04\/IMG_E3821-scaled-300x225.jpg",300,225,true],"woocommerce_single":["https:\/\/yogart.cl\/yg\/wp-content\/uploads\/2021\/04\/IMG_E3821-scaled-500x667.jpg",500,667,true],"woocommerce_gallery_thumbnail":["https:\/\/yogart.cl\/yg\/wp-content\/uploads\/2021\/04\/IMG_E3821-scaled-100x100.jpg",100,100,true]},"uagb_author_info":{"display_name":"Susana Rosas","author_link":"https:\/\/yogart.cl\/yg\/index.php\/author\/"},"uagb_comment_info":0,"uagb_excerpt":"Madera arom\u00e1tica usada especialmente para eliminar malas vibras, cambiar energ\u00edas del hogar, ayudar a calmar episodios de estr\u00e9s y ansiedad.","_links":{"self":[{"href":"https:\/\/yogart.cl\/yg\/index.php\/wp-json\/wp\/v2\/product\/279"}],"collection":[{"href":"https:\/\/yogart.cl\/yg\/index.php\/wp-json\/wp\/v2\/product"}],"about":[{"href":"https:\/\/yogart.cl\/yg\/index.php\/wp-json\/wp\/v2\/types\/product"}],"version-history":[{"count":1,"href":"https:\/\/yogart.cl\/yg\/index.php\/wp-json\/wp\/v2\/product\/279\/revisions"}],"predecessor-version":[{"id":281,"href":"https:\/\/yogart.cl\/yg\/index.php\/wp-json\/wp\/v2\/product\/279\/revisions\/281"}],"wp:featuredmedia":[{"embeddable":true,"href":"https:\/\/yogart.cl\/yg\/index.php\/wp-json\/wp\/v2\/media\/280"}],"wp:attachment":[{"href":"https:\/\/yogart.cl\/yg\/index.php\/wp-json\/wp\/v2\/media?parent=279"}],"wp:term":[{"taxonomy":"product_cat","embeddable":true,"href":"https:\/\/yogart.cl\/yg\/index.php\/wp-json\/wp\/v2\/product_cat?post=279"},{"taxonomy":"product_tag","embeddable":true,"href":"https:\/\/yogart.cl\/yg\/index.php\/wp-json\/wp\/v2\/product_tag?post=279"}],"curies":[{"name":"wp","href":"https:\/\/api.w.org\/{rel}","templated":true}]}}