{"id":3442,"date":"2023-01-30T00:12:10","date_gmt":"2023-01-30T03:12:10","guid":{"rendered":"https:\/\/yogart.cl\/yg\/?post_type=product&#038;p=3442"},"modified":"2023-01-30T00:13:23","modified_gmt":"2023-01-30T03:13:23","slug":"3442","status":"publish","type":"product","link":"https:\/\/yogart.cl\/yg\/index.php\/producto\/3442\/","title":{"rendered":"Bendecida"},"content":{"rendered":"","protected":false},"excerpt":{"rendered":"<p>Hermosa pieza de la<br \/>\n\ud83c\udf1f\ud83e\udd30Colecci\u00f3n Gestantes \ud83c\udf1f\ud83e\udd30<\/p>\n<p>Parir es una de la experiencia m\u00e1s desafiante que una mujer puede vivir, algunas comentan que es maravilloso, para otras mujeres es todo una odisea. Cada parto es un mundo, un sentir diferente, una experiencia extrasensorial, cada sentido se intensifica y cuando despu\u00e9s de toda la tarea, horas agotantes de parto o en algunos caso solo un pujo y listo y la culminaci\u00f3n de toda estas sensaciones es cuando tienes a tu beb\u00e9 por fin es tus manos.<\/p>\n<p>Ese calor y olor jam\u00e1s en la vida lo volver\u00e1s a sentir. Por lo menos esa fue mi experiencia personal y quise reflejarla en esta bella colecci\u00f3n, para todas las mamitas y futuras mamitas, les dejo esta bellas figuras.<br \/>\n\ud83d\udc9c\ud83d\ude4c\ud83c\udffb\ud83c\udf1f<\/p>\n","protected":false},"featured_media":3430,"template":"","meta":{"_uag_custom_page_level_css":"","site-sidebar-layout":"default","site-content-layout":"default","ast-site-content-layout":"","site-content-style":"default","site-sidebar-style":"default","ast-global-header-display":"","ast-banner-title-visibility":"","ast-main-header-display":"","ast-hfb-above-header-display":"","ast-hfb-below-header-display":"","ast-hfb-mobile-header-display":"","site-post-title":"","ast-breadcrumbs-content":"","ast-featured-img":"","footer-sml-layout":"","theme-transparent-header-meta":"default","adv-header-id-meta":"","stick-header-meta":"","header-above-stick-meta":"","header-main-stick-meta":"","header-below-stick-meta":"","astra-migrate-meta-layouts":"default","ast-page-background-enabled":"default","ast-page-background-meta":{"desktop":{"background-color":"","background-image":"","background-repeat":"repeat","background-position":"center center","background-size":"auto","background-attachment":"scroll","background-type":"","background-media":"","overlay-type":"","overlay-color":"","overlay-gradient":""},"tablet":{"background-color":"","background-image":"","background-repeat":"repeat","background-position":"center center","background-size":"auto","background-attachment":"scroll","background-type":"","background-media":"","overlay-type":"","overlay-color":"","overlay-gradient":""},"mobile":{"background-color":"","background-image":"","background-repeat":"repeat","background-position":"center center","background-size":"auto","background-attachment":"scroll","background-type":"","background-media":"","overlay-type":"","overlay-color":"","overlay-gradient":""}},"ast-content-background-meta":{"desktop":{"background-color":"var(--ast-global-color-5)","background-image":"","background-repeat":"repeat","background-position":"center center","background-size":"auto","background-attachment":"scroll","background-type":"","background-media":"","overlay-type":"","overlay-color":"","overlay-gradient":""},"tablet":{"background-color":"var(--ast-global-color-5)","background-image":"","background-repeat":"repeat","background-position":"center center","background-size":"auto","background-attachment":"scroll","background-type":"","background-media":"","overlay-type":"","overlay-color":"","overlay-gradient":""},"mobile":{"background-color":"var(--ast-global-color-5)","background-image":"","background-repeat":"repeat","background-position":"center center","background-size":"auto","background-attachment":"scroll","background-type":"","background-media":"","overlay-type":"","overlay-color":"","overlay-gradient":""}}},"product_cat":[15],"product_tag":[],"uagb_featured_image_src":{"full":["https:\/\/yogart.cl\/yg\/wp-content\/uploads\/2023\/01\/47BB134E-7486-42A0-8A7D-6A58A62C56A8-scaled.jpeg",1920,2560,false],"thumbnail":["https:\/\/yogart.cl\/yg\/wp-content\/uploads\/2023\/01\/47BB134E-7486-42A0-8A7D-6A58A62C56A8-scaled.jpeg",113,150,false],"medium":["https:\/\/yogart.cl\/yg\/wp-content\/uploads\/2023\/01\/47BB134E-7486-42A0-8A7D-6A58A62C56A8-225x300.jpeg",225,300,true],"medium_large":["https:\/\/yogart.cl\/yg\/wp-content\/uploads\/2023\/01\/47BB134E-7486-42A0-8A7D-6A58A62C56A8-scaled.jpeg",768,1024,false],"large":["https:\/\/yogart.cl\/yg\/wp-content\/uploads\/2023\/01\/47BB134E-7486-42A0-8A7D-6A58A62C56A8-scaled.jpeg",768,1024,false],"1536x1536":["https:\/\/yogart.cl\/yg\/wp-content\/uploads\/2023\/01\/47BB134E-7486-42A0-8A7D-6A58A62C56A8-scaled.jpeg",1152,1536,false],"2048x2048":["https:\/\/yogart.cl\/yg\/wp-content\/uploads\/2023\/01\/47BB134E-7486-42A0-8A7D-6A58A62C56A8-scaled.jpeg",1536,2048,false],"woocommerce_thumbnail":["https:\/\/yogart.cl\/yg\/wp-content\/uploads\/2023\/01\/47BB134E-7486-42A0-8A7D-6A58A62C56A8-scaled-300x225.jpeg",300,225,true],"woocommerce_single":["https:\/\/yogart.cl\/yg\/wp-content\/uploads\/2023\/01\/47BB134E-7486-42A0-8A7D-6A58A62C56A8-scaled.jpeg",500,667,false],"woocommerce_gallery_thumbnail":["https:\/\/yogart.cl\/yg\/wp-content\/uploads\/2023\/01\/47BB134E-7486-42A0-8A7D-6A58A62C56A8-scaled-100x100.jpeg",100,100,true]},"uagb_author_info":{"display_name":"Susana Rosas","author_link":"https:\/\/yogart.cl\/yg\/index.php\/author\/"},"uagb_comment_info":0,"uagb_excerpt":"Hermosa pieza de la \ud83c\udf1f\ud83e\udd30Colecci\u00f3n Gestantes \ud83c\udf1f\ud83e\udd30 Parir es una de la experiencia m\u00e1s desafiante que una mujer puede vivir, algunas comentan que es maravilloso, para otras mujeres es todo una odisea. Cada parto es un mundo, un sentir diferente, una experiencia extrasensorial, cada sentido se intensifica y cuando despu\u00e9s de toda la tarea, horas&hellip;","_links":{"self":[{"href":"https:\/\/yogart.cl\/yg\/index.php\/wp-json\/wp\/v2\/product\/3442"}],"collection":[{"href":"https:\/\/yogart.cl\/yg\/index.php\/wp-json\/wp\/v2\/product"}],"about":[{"href":"https:\/\/yogart.cl\/yg\/index.php\/wp-json\/wp\/v2\/types\/product"}],"version-history":[{"count":3,"href":"https:\/\/yogart.cl\/yg\/index.php\/wp-json\/wp\/v2\/product\/3442\/revisions"}],"predecessor-version":[{"id":3445,"href":"https:\/\/yogart.cl\/yg\/index.php\/wp-json\/wp\/v2\/product\/3442\/revisions\/3445"}],"wp:featuredmedia":[{"embeddable":true,"href":"https:\/\/yogart.cl\/yg\/index.php\/wp-json\/wp\/v2\/media\/3430"}],"wp:attachment":[{"href":"https:\/\/yogart.cl\/yg\/index.php\/wp-json\/wp\/v2\/media?parent=3442"}],"wp:term":[{"taxonomy":"product_cat","embeddable":true,"href":"https:\/\/yogart.cl\/yg\/index.php\/wp-json\/wp\/v2\/product_cat?post=3442"},{"taxonomy":"product_tag","embeddable":true,"href":"https:\/\/yogart.cl\/yg\/index.php\/wp-json\/wp\/v2\/product_tag?post=3442"}],"curies":[{"name":"wp","href":"https:\/\/api.w.org\/{rel}","templated":true}]}}