{"id":3535,"date":"2023-06-01T17:01:55","date_gmt":"2023-06-01T20:01:55","guid":{"rendered":"https:\/\/yogart.cl\/yg\/?post_type=product&#038;p=3535"},"modified":"2023-06-01T17:03:21","modified_gmt":"2023-06-01T20:03:21","slug":"taller-monjes","status":"publish","type":"product","link":"https:\/\/yogart.cl\/yg\/index.php\/producto\/taller-monjes\/","title":{"rendered":"Taller monjes"},"content":{"rendered":"","protected":false},"excerpt":{"rendered":"<p>clase online, no incluye materiales<\/p>\n<p>En este taller aprender\u00e1s a desarrollar este t\u00e9cnica que muestra la fotograf\u00eda, usando una combinaci\u00f3n \u00a0de colores para dar un acabado espectacular a tus piezas.<br \/>\nadem\u00e1s de lijar y tapar imperfecciones para que est\u00e9 perfecta para el pintado.<\/p>\n<p>&nbsp;<\/p>\n<p>La lista de materiales se enviar\u00e1 una vez que compres este curso al correo electr\u00f3nico que debes dejar en la secci\u00f3n mensaje al vendedor o datos personales que son ingresados al momento de la compra del taller.<\/p>\n<p>&nbsp;<\/p>\n<p>Si necesitas el kit de materiales para este t\u00e9cnica visita<\/p>\n<p>\u201cclase m\u00e1s kit de materiales\u201d y podr\u00e1s comprar el paquete completo. Una vez que recibas los materiales se agendara la clase de lunes a viernes a las 20:30 hrs<\/p>\n<p>Si necesitas un horario especial y d\u00eda s\u00e1bado, comun\u00edcate por mensaje privado al +56992328719<\/p>\n<p>&nbsp;<\/p>\n<p>te espero<\/p>\n<p>Susana<\/p>\n<p>&nbsp;<\/p>\n","protected":false},"featured_media":3536,"template":"","meta":{"_uag_custom_page_level_css":"","site-sidebar-layout":"default","site-content-layout":"default","ast-site-content-layout":"","site-content-style":"default","site-sidebar-style":"default","ast-global-header-display":"","ast-banner-title-visibility":"","ast-main-header-display":"","ast-hfb-above-header-display":"","ast-hfb-below-header-display":"","ast-hfb-mobile-header-display":"","site-post-title":"","ast-breadcrumbs-content":"","ast-featured-img":"","footer-sml-layout":"","theme-transparent-header-meta":"default","adv-header-id-meta":"","stick-header-meta":"","header-above-stick-meta":"","header-main-stick-meta":"","header-below-stick-meta":"","astra-migrate-meta-layouts":"default","ast-page-background-enabled":"default","ast-page-background-meta":{"desktop":{"background-color":"","background-image":"","background-repeat":"repeat","background-position":"center center","background-size":"auto","background-attachment":"scroll","background-type":"","background-media":"","overlay-type":"","overlay-color":"","overlay-gradient":""},"tablet":{"background-color":"","background-image":"","background-repeat":"repeat","background-position":"center center","background-size":"auto","background-attachment":"scroll","background-type":"","background-media":"","overlay-type":"","overlay-color":"","overlay-gradient":""},"mobile":{"background-color":"","background-image":"","background-repeat":"repeat","background-position":"center center","background-size":"auto","background-attachment":"scroll","background-type":"","background-media":"","overlay-type":"","overlay-color":"","overlay-gradient":""}},"ast-content-background-meta":{"desktop":{"background-color":"var(--ast-global-color-5)","background-image":"","background-repeat":"repeat","background-position":"center center","background-size":"auto","background-attachment":"scroll","background-type":"","background-media":"","overlay-type":"","overlay-color":"","overlay-gradient":""},"tablet":{"background-color":"var(--ast-global-color-5)","background-image":"","background-repeat":"repeat","background-position":"center center","background-size":"auto","background-attachment":"scroll","background-type":"","background-media":"","overlay-type":"","overlay-color":"","overlay-gradient":""},"mobile":{"background-color":"var(--ast-global-color-5)","background-image":"","background-repeat":"repeat","background-position":"center center","background-size":"auto","background-attachment":"scroll","background-type":"","background-media":"","overlay-type":"","overlay-color":"","overlay-gradient":""}}},"product_cat":[54],"product_tag":[],"uagb_featured_image_src":{"full":["https:\/\/yogart.cl\/yg\/wp-content\/uploads\/2023\/06\/DDA4314F-73C6-4758-8D8E-990D816383FD.jpeg",866,661,false],"thumbnail":["https:\/\/yogart.cl\/yg\/wp-content\/uploads\/2023\/06\/DDA4314F-73C6-4758-8D8E-990D816383FD-150x150.jpeg",150,150,true],"medium":["https:\/\/yogart.cl\/yg\/wp-content\/uploads\/2023\/06\/DDA4314F-73C6-4758-8D8E-990D816383FD-300x229.jpeg",300,229,true],"medium_large":["https:\/\/yogart.cl\/yg\/wp-content\/uploads\/2023\/06\/DDA4314F-73C6-4758-8D8E-990D816383FD-768x586.jpeg",768,586,true],"large":["https:\/\/yogart.cl\/yg\/wp-content\/uploads\/2023\/06\/DDA4314F-73C6-4758-8D8E-990D816383FD.jpeg",866,661,false],"1536x1536":["https:\/\/yogart.cl\/yg\/wp-content\/uploads\/2023\/06\/DDA4314F-73C6-4758-8D8E-990D816383FD.jpeg",866,661,false],"2048x2048":["https:\/\/yogart.cl\/yg\/wp-content\/uploads\/2023\/06\/DDA4314F-73C6-4758-8D8E-990D816383FD.jpeg",866,661,false],"woocommerce_thumbnail":["https:\/\/yogart.cl\/yg\/wp-content\/uploads\/2023\/06\/DDA4314F-73C6-4758-8D8E-990D816383FD-300x225.jpeg",300,225,true],"woocommerce_single":["https:\/\/yogart.cl\/yg\/wp-content\/uploads\/2023\/06\/DDA4314F-73C6-4758-8D8E-990D816383FD-500x382.jpeg",500,382,true],"woocommerce_gallery_thumbnail":["https:\/\/yogart.cl\/yg\/wp-content\/uploads\/2023\/06\/DDA4314F-73C6-4758-8D8E-990D816383FD-100x100.jpeg",100,100,true]},"uagb_author_info":{"display_name":"Susana Rosas","author_link":"https:\/\/yogart.cl\/yg\/index.php\/author\/"},"uagb_comment_info":0,"uagb_excerpt":"clase online, no incluye materiales En este taller aprender\u00e1s a desarrollar este t\u00e9cnica que muestra la fotograf\u00eda, usando una combinaci\u00f3n \u00a0de colores para dar un acabado espectacular a tus piezas. adem\u00e1s de lijar y tapar imperfecciones para que est\u00e9 perfecta para el pintado. &nbsp; La lista de materiales se enviar\u00e1 una vez que compres este&hellip;","_links":{"self":[{"href":"https:\/\/yogart.cl\/yg\/index.php\/wp-json\/wp\/v2\/product\/3535"}],"collection":[{"href":"https:\/\/yogart.cl\/yg\/index.php\/wp-json\/wp\/v2\/product"}],"about":[{"href":"https:\/\/yogart.cl\/yg\/index.php\/wp-json\/wp\/v2\/types\/product"}],"version-history":[{"count":1,"href":"https:\/\/yogart.cl\/yg\/index.php\/wp-json\/wp\/v2\/product\/3535\/revisions"}],"predecessor-version":[{"id":3537,"href":"https:\/\/yogart.cl\/yg\/index.php\/wp-json\/wp\/v2\/product\/3535\/revisions\/3537"}],"wp:featuredmedia":[{"embeddable":true,"href":"https:\/\/yogart.cl\/yg\/index.php\/wp-json\/wp\/v2\/media\/3536"}],"wp:attachment":[{"href":"https:\/\/yogart.cl\/yg\/index.php\/wp-json\/wp\/v2\/media?parent=3535"}],"wp:term":[{"taxonomy":"product_cat","embeddable":true,"href":"https:\/\/yogart.cl\/yg\/index.php\/wp-json\/wp\/v2\/product_cat?post=3535"},{"taxonomy":"product_tag","embeddable":true,"href":"https:\/\/yogart.cl\/yg\/index.php\/wp-json\/wp\/v2\/product_tag?post=3535"}],"curies":[{"name":"wp","href":"https:\/\/api.w.org\/{rel}","templated":true}]}}