{"id":587,"date":"2021-04-20T17:42:58","date_gmt":"2021-04-20T20:42:58","guid":{"rendered":"https:\/\/yogart.cl\/yg\/?post_type=product&#038;p=587"},"modified":"2021-05-03T13:32:11","modified_gmt":"2021-05-03T16:32:11","slug":"set-de-monjes-sonrientes","status":"publish","type":"product","link":"https:\/\/yogart.cl\/yg\/index.php\/producto\/set-de-monjes-sonrientes\/","title":{"rendered":"Set de Monjes Sonrientes"},"content":{"rendered":"","protected":false},"excerpt":{"rendered":"<p>Set de Figuras yeso zi\u00f1a.<\/p>\n<p>Medidas<\/p>\n<p>Alto 12 cm<\/p>\n<p>Ancho 8.5 cm<\/p>\n<p>Figura solo a pedido, una vez reservada son 7 d\u00edas h\u00e1biles para su despacho.<\/p>\n<p>&nbsp;<\/p>\n","protected":false},"featured_media":1090,"template":"","meta":{"_uag_custom_page_level_css":"","site-sidebar-layout":"default","site-content-layout":"default","ast-site-content-layout":"","site-content-style":"default","site-sidebar-style":"default","ast-global-header-display":"","ast-banner-title-visibility":"","ast-main-header-display":"","ast-hfb-above-header-display":"","ast-hfb-below-header-display":"","ast-hfb-mobile-header-display":"","site-post-title":"","ast-breadcrumbs-content":"","ast-featured-img":"","footer-sml-layout":"","theme-transparent-header-meta":"default","adv-header-id-meta":"","stick-header-meta":"","header-above-stick-meta":"","header-main-stick-meta":"","header-below-stick-meta":"","astra-migrate-meta-layouts":"default","ast-page-background-enabled":"default","ast-page-background-meta":{"desktop":{"background-color":"","background-image":"","background-repeat":"repeat","background-position":"center center","background-size":"auto","background-attachment":"scroll","background-type":"","background-media":"","overlay-type":"","overlay-color":"","overlay-gradient":""},"tablet":{"background-color":"","background-image":"","background-repeat":"repeat","background-position":"center center","background-size":"auto","background-attachment":"scroll","background-type":"","background-media":"","overlay-type":"","overlay-color":"","overlay-gradient":""},"mobile":{"background-color":"","background-image":"","background-repeat":"repeat","background-position":"center center","background-size":"auto","background-attachment":"scroll","background-type":"","background-media":"","overlay-type":"","overlay-color":"","overlay-gradient":""}},"ast-content-background-meta":{"desktop":{"background-color":"var(--ast-global-color-5)","background-image":"","background-repeat":"repeat","background-position":"center center","background-size":"auto","background-attachment":"scroll","background-type":"","background-media":"","overlay-type":"","overlay-color":"","overlay-gradient":""},"tablet":{"background-color":"var(--ast-global-color-5)","background-image":"","background-repeat":"repeat","background-position":"center center","background-size":"auto","background-attachment":"scroll","background-type":"","background-media":"","overlay-type":"","overlay-color":"","overlay-gradient":""},"mobile":{"background-color":"var(--ast-global-color-5)","background-image":"","background-repeat":"repeat","background-position":"center center","background-size":"auto","background-attachment":"scroll","background-type":"","background-media":"","overlay-type":"","overlay-color":"","overlay-gradient":""}}},"product_cat":[15],"product_tag":[],"uagb_featured_image_src":{"full":["https:\/\/yogart.cl\/yg\/wp-content\/uploads\/2021\/04\/IMG_4036-scaled.jpg",2560,1920,false],"thumbnail":["https:\/\/yogart.cl\/yg\/wp-content\/uploads\/2021\/04\/IMG_4036-150x150.jpg",150,150,true],"medium":["https:\/\/yogart.cl\/yg\/wp-content\/uploads\/2021\/04\/IMG_4036-300x225.jpg",300,225,true],"medium_large":["https:\/\/yogart.cl\/yg\/wp-content\/uploads\/2021\/04\/IMG_4036-768x576.jpg",768,576,true],"large":["https:\/\/yogart.cl\/yg\/wp-content\/uploads\/2021\/04\/IMG_4036-1024x768.jpg",1024,768,true],"1536x1536":["https:\/\/yogart.cl\/yg\/wp-content\/uploads\/2021\/04\/IMG_4036-1536x1152.jpg",1536,1152,true],"2048x2048":["https:\/\/yogart.cl\/yg\/wp-content\/uploads\/2021\/04\/IMG_4036-2048x1536.jpg",2048,1536,true],"woocommerce_thumbnail":["https:\/\/yogart.cl\/yg\/wp-content\/uploads\/2021\/04\/IMG_4036-300x225.jpg",300,225,true],"woocommerce_single":["https:\/\/yogart.cl\/yg\/wp-content\/uploads\/2021\/04\/IMG_4036-500x375.jpg",500,375,true],"woocommerce_gallery_thumbnail":["https:\/\/yogart.cl\/yg\/wp-content\/uploads\/2021\/04\/IMG_4036-100x100.jpg",100,100,true]},"uagb_author_info":{"display_name":"Susana Rosas","author_link":"https:\/\/yogart.cl\/yg\/index.php\/author\/"},"uagb_comment_info":0,"uagb_excerpt":"Set de Figuras yeso zi\u00f1a. Medidas Alto 12 cm Ancho 8.5 cm Figura solo a pedido, una vez reservada son 7 d\u00edas h\u00e1biles para su despacho. &nbsp;","_links":{"self":[{"href":"https:\/\/yogart.cl\/yg\/index.php\/wp-json\/wp\/v2\/product\/587"}],"collection":[{"href":"https:\/\/yogart.cl\/yg\/index.php\/wp-json\/wp\/v2\/product"}],"about":[{"href":"https:\/\/yogart.cl\/yg\/index.php\/wp-json\/wp\/v2\/types\/product"}],"version-history":[{"count":2,"href":"https:\/\/yogart.cl\/yg\/index.php\/wp-json\/wp\/v2\/product\/587\/revisions"}],"predecessor-version":[{"id":599,"href":"https:\/\/yogart.cl\/yg\/index.php\/wp-json\/wp\/v2\/product\/587\/revisions\/599"}],"wp:featuredmedia":[{"embeddable":true,"href":"https:\/\/yogart.cl\/yg\/index.php\/wp-json\/wp\/v2\/media\/1090"}],"wp:attachment":[{"href":"https:\/\/yogart.cl\/yg\/index.php\/wp-json\/wp\/v2\/media?parent=587"}],"wp:term":[{"taxonomy":"product_cat","embeddable":true,"href":"https:\/\/yogart.cl\/yg\/index.php\/wp-json\/wp\/v2\/product_cat?post=587"},{"taxonomy":"product_tag","embeddable":true,"href":"https:\/\/yogart.cl\/yg\/index.php\/wp-json\/wp\/v2\/product_tag?post=587"}],"curies":[{"name":"wp","href":"https:\/\/api.w.org\/{rel}","templated":true}]}}